{"id":615,"date":"2023-02-10T17:55:23","date_gmt":"2023-02-10T17:55:23","guid":{"rendered":"https:\/\/www.hoteldonnalucia.it\/le-camere\/camera-superior\/"},"modified":"2023-03-08T16:50:24","modified_gmt":"2023-03-08T16:50:24","slug":"camera-superior","status":"publish","type":"page","link":"https:\/\/www.hoteldonnalucia.it\/de\/le-camere\/camera-superior\/","title":{"rendered":"Superior-Zimmer"},"content":{"rendered":"\n<p>In den Superior-Zimmern des Donna Lucia umh\u00fcllt Sie der Chic vergangener Zeiten. Die Eleganz und die Raffinesse der Einrichtungen und der Stoffe, die gro\u00dfen Fl\u00e4chen, die fein mit Fresken verzierten Decken oder die pr\u00e4chtigen Balkendecken und das Licht, das den Raum erf\u00fcllt, kreieren eine Atmosph\u00e4re, die an die Palais von Einst erinnert. Warme Einrichtungen und erlesene Stoffe, die dem Raum mit Unterst\u00fctzung einer ganz besonderen diffusen Beleuchtung eine ausgesprochen romantische Atmosph\u00e4re verleihen. Die Einrichtungen f\u00fcgen sich harmonisch in alle \u00fcbrigen Elemente der R\u00e4ume ein.<\/p>\n","protected":false},"excerpt":{"rendered":"In den Superior-Zimmern des Donna Lucia umh\u00fcllt Sie der Chic vergangener Zeiten. Die Eleganz und die Raffinesse der Einrichtungen und der Stoffe, die gro\u00dfen Fl\u00e4chen, die fein mit Fresken verzierten Decken oder die pr\u00e4chtigen Balkendecken und das Licht, das den Raum erf\u00fcllt, kreieren eine Atmosph\u00e4re, die an die Palais von Einst erinnert. Warme Einrichtungen und&#8230; <a class=\"view-article\" href=\"https:\/\/www.hoteldonnalucia.it\/de\/le-camere\/camera-superior\/\">Artikel ansehen<\/a>","protected":false},"author":3,"featured_media":0,"parent":601,"menu_order":0,"comment_status":"closed","ping_status":"closed","template":"template-camera-dettaglio.php","meta":{"inline_featured_image":false,"footnotes":""},"class_list":["post-615","page","type-page","status-publish","hentry"],"acf":[],"yoast_head":"<!-- This site is optimized with the Yoast SEO plugin v20.2.1 - https:\/\/yoast.com\/wordpress\/plugins\/seo\/ -->\n<title>Superior-Zimmer - Hotel Donna Lucia<\/title>\n<meta name=\"robots\" content=\"index, follow, max-snippet:-1, max-image-preview:large, max-video-preview:-1\" \/>\n<link rel=\"canonical\" href=\"https:\/\/www.hoteldonnalucia.it\/de\/le-camere\/camera-superior\/\" \/>\n<meta property=\"og:locale\" content=\"de_DE\" \/>\n<meta property=\"og:type\" content=\"article\" \/>\n<meta property=\"og:title\" content=\"Superior-Zimmer - Hotel Donna Lucia\" \/>\n<meta property=\"og:description\" content=\"In den Superior-Zimmern des Donna Lucia umh\u00fcllt Sie der Chic vergangener Zeiten. Die Eleganz und die Raffinesse der Einrichtungen und der Stoffe, die gro\u00dfen Fl\u00e4chen, die fein mit Fresken verzierten Decken oder die pr\u00e4chtigen Balkendecken und das Licht, das den Raum erf\u00fcllt, kreieren eine Atmosph\u00e4re, die an die Palais von Einst erinnert. Warme Einrichtungen und... Artikel ansehen\" \/>\n<meta property=\"og:url\" content=\"https:\/\/www.hoteldonnalucia.it\/de\/le-camere\/camera-superior\/\" \/>\n<meta property=\"og:site_name\" content=\"Hotel Donna Lucia\" \/>\n<meta property=\"article:publisher\" content=\"https:\/\/www.facebook.com\/people\/Donna-Lucia-Hotel\/100089610115028\/\" \/>\n<meta property=\"article:modified_time\" content=\"2023-03-08T16:50:24+00:00\" \/>\n<meta name=\"twitter:card\" content=\"summary_large_image\" \/>\n<script type=\"application\/ld+json\" class=\"yoast-schema-graph\">{\"@context\":\"https:\/\/schema.org\",\"@graph\":[{\"@type\":\"WebPage\",\"@id\":\"https:\/\/www.hoteldonnalucia.it\/de\/le-camere\/camera-superior\/\",\"url\":\"https:\/\/www.hoteldonnalucia.it\/de\/le-camere\/camera-superior\/\",\"name\":\"Superior-Zimmer - Hotel Donna Lucia\",\"isPartOf\":{\"@id\":\"https:\/\/www.hoteldonnalucia.it\/de\/#website\"},\"datePublished\":\"2023-02-10T17:55:23+00:00\",\"dateModified\":\"2023-03-08T16:50:24+00:00\",\"breadcrumb\":{\"@id\":\"https:\/\/www.hoteldonnalucia.it\/de\/le-camere\/camera-superior\/#breadcrumb\"},\"inLanguage\":\"de\",\"potentialAction\":[{\"@type\":\"ReadAction\",\"target\":[\"https:\/\/www.hoteldonnalucia.it\/de\/le-camere\/camera-superior\/\"]}]},{\"@type\":\"BreadcrumbList\",\"@id\":\"https:\/\/www.hoteldonnalucia.it\/de\/le-camere\/camera-superior\/#breadcrumb\",\"itemListElement\":[{\"@type\":\"ListItem\",\"position\":1,\"name\":\"Home\",\"item\":\"https:\/\/www.hoteldonnalucia.it\/de\/\"},{\"@type\":\"ListItem\",\"position\":2,\"name\":\"Unsere Zimmer\",\"item\":\"https:\/\/www.hoteldonnalucia.it\/de\/le-camere\/\"},{\"@type\":\"ListItem\",\"position\":3,\"name\":\"Superior-Zimmer\"}]},{\"@type\":\"WebSite\",\"@id\":\"https:\/\/www.hoteldonnalucia.it\/de\/#website\",\"url\":\"https:\/\/www.hoteldonnalucia.it\/de\/\",\"name\":\"Hotel Donna Lucia\",\"description\":\"Un&#039;oasi di pace a due passi da Treviso\",\"publisher\":{\"@id\":\"https:\/\/www.hoteldonnalucia.it\/de\/#organization\"},\"potentialAction\":[{\"@type\":\"SearchAction\",\"target\":{\"@type\":\"EntryPoint\",\"urlTemplate\":\"https:\/\/www.hoteldonnalucia.it\/de\/?s={search_term_string}\"},\"query-input\":\"required name=search_term_string\"}],\"inLanguage\":\"de\"},{\"@type\":\"Organization\",\"@id\":\"https:\/\/www.hoteldonnalucia.it\/de\/#organization\",\"name\":\"Hotel Donna Lucia\",\"url\":\"https:\/\/www.hoteldonnalucia.it\/de\/\",\"logo\":{\"@type\":\"ImageObject\",\"inLanguage\":\"de\",\"@id\":\"https:\/\/www.hoteldonnalucia.it\/de\/#\/schema\/logo\/image\/\",\"url\":\"https:\/\/www.hoteldonnalucia.it\/wp-content\/uploads\/2023\/02\/cropped-favicon-1.png\",\"contentUrl\":\"https:\/\/www.hoteldonnalucia.it\/wp-content\/uploads\/2023\/02\/cropped-favicon-1.png\",\"width\":512,\"height\":512,\"caption\":\"Hotel Donna Lucia\"},\"image\":{\"@id\":\"https:\/\/www.hoteldonnalucia.it\/de\/#\/schema\/logo\/image\/\"},\"sameAs\":[\"https:\/\/www.facebook.com\/people\/Donna-Lucia-Hotel\/100089610115028\/\",\"https:\/\/www.instagram.com\/donnaluciaponzano\/\"]}]}<\/script>\n<!-- \/ Yoast SEO plugin. -->","yoast_head_json":{"title":"Superior-Zimmer - Hotel Donna Lucia","robots":{"index":"index","follow":"follow","max-snippet":"max-snippet:-1","max-image-preview":"max-image-preview:large","max-video-preview":"max-video-preview:-1"},"canonical":"https:\/\/www.hoteldonnalucia.it\/de\/le-camere\/camera-superior\/","og_locale":"de_DE","og_type":"article","og_title":"Superior-Zimmer - Hotel Donna Lucia","og_description":"In den Superior-Zimmern des Donna Lucia umh\u00fcllt Sie der Chic vergangener Zeiten. Die Eleganz und die Raffinesse der Einrichtungen und der Stoffe, die gro\u00dfen Fl\u00e4chen, die fein mit Fresken verzierten Decken oder die pr\u00e4chtigen Balkendecken und das Licht, das den Raum erf\u00fcllt, kreieren eine Atmosph\u00e4re, die an die Palais von Einst erinnert. Warme Einrichtungen und... Artikel ansehen","og_url":"https:\/\/www.hoteldonnalucia.it\/de\/le-camere\/camera-superior\/","og_site_name":"Hotel Donna Lucia","article_publisher":"https:\/\/www.facebook.com\/people\/Donna-Lucia-Hotel\/100089610115028\/","article_modified_time":"2023-03-08T16:50:24+00:00","twitter_card":"summary_large_image","schema":{"@context":"https:\/\/schema.org","@graph":[{"@type":"WebPage","@id":"https:\/\/www.hoteldonnalucia.it\/de\/le-camere\/camera-superior\/","url":"https:\/\/www.hoteldonnalucia.it\/de\/le-camere\/camera-superior\/","name":"Superior-Zimmer - Hotel Donna Lucia","isPartOf":{"@id":"https:\/\/www.hoteldonnalucia.it\/de\/#website"},"datePublished":"2023-02-10T17:55:23+00:00","dateModified":"2023-03-08T16:50:24+00:00","breadcrumb":{"@id":"https:\/\/www.hoteldonnalucia.it\/de\/le-camere\/camera-superior\/#breadcrumb"},"inLanguage":"de","potentialAction":[{"@type":"ReadAction","target":["https:\/\/www.hoteldonnalucia.it\/de\/le-camere\/camera-superior\/"]}]},{"@type":"BreadcrumbList","@id":"https:\/\/www.hoteldonnalucia.it\/de\/le-camere\/camera-superior\/#breadcrumb","itemListElement":[{"@type":"ListItem","position":1,"name":"Home","item":"https:\/\/www.hoteldonnalucia.it\/de\/"},{"@type":"ListItem","position":2,"name":"Unsere Zimmer","item":"https:\/\/www.hoteldonnalucia.it\/de\/le-camere\/"},{"@type":"ListItem","position":3,"name":"Superior-Zimmer"}]},{"@type":"WebSite","@id":"https:\/\/www.hoteldonnalucia.it\/de\/#website","url":"https:\/\/www.hoteldonnalucia.it\/de\/","name":"Hotel Donna Lucia","description":"Un&#039;oasi di pace a due passi da Treviso","publisher":{"@id":"https:\/\/www.hoteldonnalucia.it\/de\/#organization"},"potentialAction":[{"@type":"SearchAction","target":{"@type":"EntryPoint","urlTemplate":"https:\/\/www.hoteldonnalucia.it\/de\/?s={search_term_string}"},"query-input":"required name=search_term_string"}],"inLanguage":"de"},{"@type":"Organization","@id":"https:\/\/www.hoteldonnalucia.it\/de\/#organization","name":"Hotel Donna Lucia","url":"https:\/\/www.hoteldonnalucia.it\/de\/","logo":{"@type":"ImageObject","inLanguage":"de","@id":"https:\/\/www.hoteldonnalucia.it\/de\/#\/schema\/logo\/image\/","url":"https:\/\/www.hoteldonnalucia.it\/wp-content\/uploads\/2023\/02\/cropped-favicon-1.png","contentUrl":"https:\/\/www.hoteldonnalucia.it\/wp-content\/uploads\/2023\/02\/cropped-favicon-1.png","width":512,"height":512,"caption":"Hotel Donna Lucia"},"image":{"@id":"https:\/\/www.hoteldonnalucia.it\/de\/#\/schema\/logo\/image\/"},"sameAs":["https:\/\/www.facebook.com\/people\/Donna-Lucia-Hotel\/100089610115028\/","https:\/\/www.instagram.com\/donnaluciaponzano\/"]}]}},"_links":{"self":[{"href":"https:\/\/www.hoteldonnalucia.it\/de\/wp-json\/wp\/v2\/pages\/615","targetHints":{"allow":["GET"]}}],"collection":[{"href":"https:\/\/www.hoteldonnalucia.it\/de\/wp-json\/wp\/v2\/pages"}],"about":[{"href":"https:\/\/www.hoteldonnalucia.it\/de\/wp-json\/wp\/v2\/types\/page"}],"author":[{"embeddable":true,"href":"https:\/\/www.hoteldonnalucia.it\/de\/wp-json\/wp\/v2\/users\/3"}],"replies":[{"embeddable":true,"href":"https:\/\/www.hoteldonnalucia.it\/de\/wp-json\/wp\/v2\/comments?post=615"}],"version-history":[{"count":3,"href":"https:\/\/www.hoteldonnalucia.it\/de\/wp-json\/wp\/v2\/pages\/615\/revisions"}],"predecessor-version":[{"id":619,"href":"https:\/\/www.hoteldonnalucia.it\/de\/wp-json\/wp\/v2\/pages\/615\/revisions\/619"}],"up":[{"embeddable":true,"href":"https:\/\/www.hoteldonnalucia.it\/de\/wp-json\/wp\/v2\/pages\/601"}],"wp:attachment":[{"href":"https:\/\/www.hoteldonnalucia.it\/de\/wp-json\/wp\/v2\/media?parent=615"}],"curies":[{"name":"wp","href":"https:\/\/api.w.org\/{rel}","templated":true}]}}