{"id":634,"date":"2023-02-10T15:01:54","date_gmt":"2023-02-10T15:01:54","guid":{"rendered":"https:\/\/www.hoteldonnalucia.it\/i-servizi\/"},"modified":"2025-09-18T14:11:23","modified_gmt":"2025-09-18T14:11:23","slug":"i-servizi","status":"publish","type":"page","link":"https:\/\/www.hoteldonnalucia.it\/de\/i-servizi\/","title":{"rendered":"Unser Service"},"content":{"rendered":"\n<h2 class=\"wp-block-heading\">Ein Aufenthalt im Donna Lucia bedeutet auch, dass Ihnen eine Vielzahl von Service-Einrichtungen f\u00fcr das k\u00f6rperliche und geistige Wohlbefinden zur Verf\u00fcgung stehen. Ein Wellness-Bereich mit Swimmingpool, SPA und Fitnessraum, ein Restaurant, das sich auf die venezianische K\u00fcche konzentriert und weitere M\u00f6glichkeiten wie F\u00fchrungen in Treviso und den sch\u00f6nsten St\u00e4dten in der Umgebung. Hier bei uns wird auch ein kurzer Urlaub zu einer \u00dcberraschung und zu einem Geschenk f\u00fcr Sie selbst oder diejenigen, an denen Ihnen gelegen ist.<\/h2>\n","protected":false},"excerpt":{"rendered":"Ein Aufenthalt im Donna Lucia bedeutet auch, dass Ihnen eine Vielzahl von Service-Einrichtungen f\u00fcr das k\u00f6rperliche und geistige Wohlbefinden zur Verf\u00fcgung stehen. Ein Wellness-Bereich mit Swimmingpool, SPA und Fitnessraum, ein Restaurant, das sich auf die venezianische K\u00fcche konzentriert und weitere M\u00f6glichkeiten wie F\u00fchrungen in Treviso und den sch\u00f6nsten St\u00e4dten in der Umgebung. Hier bei uns&#8230; <a class=\"view-article\" href=\"https:\/\/www.hoteldonnalucia.it\/de\/i-servizi\/\">Artikel ansehen<\/a>","protected":false},"author":2,"featured_media":0,"parent":0,"menu_order":0,"comment_status":"closed","ping_status":"closed","template":"template-servizi.php","meta":{"inline_featured_image":false,"footnotes":""},"class_list":["post-634","page","type-page","status-publish","hentry"],"acf":[],"yoast_head":"<!-- This site is optimized with the Yoast SEO plugin v20.2.1 - https:\/\/yoast.com\/wordpress\/plugins\/seo\/ -->\n<title>Unser Service - Hotel Donna Lucia<\/title>\n<meta name=\"robots\" content=\"index, follow, max-snippet:-1, max-image-preview:large, max-video-preview:-1\" \/>\n<link rel=\"canonical\" href=\"https:\/\/www.hoteldonnalucia.it\/de\/i-servizi\/\" \/>\n<meta property=\"og:locale\" content=\"de_DE\" \/>\n<meta property=\"og:type\" content=\"article\" \/>\n<meta property=\"og:title\" content=\"Unser Service - Hotel Donna Lucia\" \/>\n<meta property=\"og:description\" content=\"Ein Aufenthalt im Donna Lucia bedeutet auch, dass Ihnen eine Vielzahl von Service-Einrichtungen f\u00fcr das k\u00f6rperliche und geistige Wohlbefinden zur Verf\u00fcgung stehen. Ein Wellness-Bereich mit Swimmingpool, SPA und Fitnessraum, ein Restaurant, das sich auf die venezianische K\u00fcche konzentriert und weitere M\u00f6glichkeiten wie F\u00fchrungen in Treviso und den sch\u00f6nsten St\u00e4dten in der Umgebung. Hier bei uns... Artikel ansehen\" \/>\n<meta property=\"og:url\" content=\"https:\/\/www.hoteldonnalucia.it\/de\/i-servizi\/\" \/>\n<meta property=\"og:site_name\" content=\"Hotel Donna Lucia\" \/>\n<meta property=\"article:publisher\" content=\"https:\/\/www.facebook.com\/people\/Donna-Lucia-Hotel\/100089610115028\/\" \/>\n<meta property=\"article:modified_time\" content=\"2025-09-18T14:11:23+00:00\" \/>\n<meta name=\"twitter:card\" content=\"summary_large_image\" \/>\n<meta name=\"twitter:label1\" content=\"Gesch\u00e4tzte Lesezeit\" \/>\n\t<meta name=\"twitter:data1\" content=\"1\u00a0Minute\" \/>\n<script type=\"application\/ld+json\" class=\"yoast-schema-graph\">{\"@context\":\"https:\/\/schema.org\",\"@graph\":[{\"@type\":\"WebPage\",\"@id\":\"https:\/\/www.hoteldonnalucia.it\/de\/i-servizi\/\",\"url\":\"https:\/\/www.hoteldonnalucia.it\/de\/i-servizi\/\",\"name\":\"Unser Service - Hotel Donna Lucia\",\"isPartOf\":{\"@id\":\"https:\/\/www.hoteldonnalucia.it\/de\/#website\"},\"datePublished\":\"2023-02-10T15:01:54+00:00\",\"dateModified\":\"2025-09-18T14:11:23+00:00\",\"breadcrumb\":{\"@id\":\"https:\/\/www.hoteldonnalucia.it\/de\/i-servizi\/#breadcrumb\"},\"inLanguage\":\"de\",\"potentialAction\":[{\"@type\":\"ReadAction\",\"target\":[\"https:\/\/www.hoteldonnalucia.it\/de\/i-servizi\/\"]}]},{\"@type\":\"BreadcrumbList\",\"@id\":\"https:\/\/www.hoteldonnalucia.it\/de\/i-servizi\/#breadcrumb\",\"itemListElement\":[{\"@type\":\"ListItem\",\"position\":1,\"name\":\"Home\",\"item\":\"https:\/\/www.hoteldonnalucia.it\/de\/\"},{\"@type\":\"ListItem\",\"position\":2,\"name\":\"Unser Service\"}]},{\"@type\":\"WebSite\",\"@id\":\"https:\/\/www.hoteldonnalucia.it\/de\/#website\",\"url\":\"https:\/\/www.hoteldonnalucia.it\/de\/\",\"name\":\"Hotel Donna Lucia\",\"description\":\"Un&#039;oasi di pace a due passi da Treviso\",\"publisher\":{\"@id\":\"https:\/\/www.hoteldonnalucia.it\/de\/#organization\"},\"potentialAction\":[{\"@type\":\"SearchAction\",\"target\":{\"@type\":\"EntryPoint\",\"urlTemplate\":\"https:\/\/www.hoteldonnalucia.it\/de\/?s={search_term_string}\"},\"query-input\":\"required name=search_term_string\"}],\"inLanguage\":\"de\"},{\"@type\":\"Organization\",\"@id\":\"https:\/\/www.hoteldonnalucia.it\/de\/#organization\",\"name\":\"Hotel Donna Lucia\",\"url\":\"https:\/\/www.hoteldonnalucia.it\/de\/\",\"logo\":{\"@type\":\"ImageObject\",\"inLanguage\":\"de\",\"@id\":\"https:\/\/www.hoteldonnalucia.it\/de\/#\/schema\/logo\/image\/\",\"url\":\"https:\/\/www.hoteldonnalucia.it\/wp-content\/uploads\/2023\/02\/cropped-favicon-1.png\",\"contentUrl\":\"https:\/\/www.hoteldonnalucia.it\/wp-content\/uploads\/2023\/02\/cropped-favicon-1.png\",\"width\":512,\"height\":512,\"caption\":\"Hotel Donna Lucia\"},\"image\":{\"@id\":\"https:\/\/www.hoteldonnalucia.it\/de\/#\/schema\/logo\/image\/\"},\"sameAs\":[\"https:\/\/www.facebook.com\/people\/Donna-Lucia-Hotel\/100089610115028\/\",\"https:\/\/www.instagram.com\/donnaluciaponzano\/\"]}]}<\/script>\n<!-- \/ Yoast SEO plugin. -->","yoast_head_json":{"title":"Unser Service - Hotel Donna Lucia","robots":{"index":"index","follow":"follow","max-snippet":"max-snippet:-1","max-image-preview":"max-image-preview:large","max-video-preview":"max-video-preview:-1"},"canonical":"https:\/\/www.hoteldonnalucia.it\/de\/i-servizi\/","og_locale":"de_DE","og_type":"article","og_title":"Unser Service - Hotel Donna Lucia","og_description":"Ein Aufenthalt im Donna Lucia bedeutet auch, dass Ihnen eine Vielzahl von Service-Einrichtungen f\u00fcr das k\u00f6rperliche und geistige Wohlbefinden zur Verf\u00fcgung stehen. Ein Wellness-Bereich mit Swimmingpool, SPA und Fitnessraum, ein Restaurant, das sich auf die venezianische K\u00fcche konzentriert und weitere M\u00f6glichkeiten wie F\u00fchrungen in Treviso und den sch\u00f6nsten St\u00e4dten in der Umgebung. Hier bei uns... Artikel ansehen","og_url":"https:\/\/www.hoteldonnalucia.it\/de\/i-servizi\/","og_site_name":"Hotel Donna Lucia","article_publisher":"https:\/\/www.facebook.com\/people\/Donna-Lucia-Hotel\/100089610115028\/","article_modified_time":"2025-09-18T14:11:23+00:00","twitter_card":"summary_large_image","twitter_misc":{"Gesch\u00e4tzte Lesezeit":"1\u00a0Minute"},"schema":{"@context":"https:\/\/schema.org","@graph":[{"@type":"WebPage","@id":"https:\/\/www.hoteldonnalucia.it\/de\/i-servizi\/","url":"https:\/\/www.hoteldonnalucia.it\/de\/i-servizi\/","name":"Unser Service - Hotel Donna Lucia","isPartOf":{"@id":"https:\/\/www.hoteldonnalucia.it\/de\/#website"},"datePublished":"2023-02-10T15:01:54+00:00","dateModified":"2025-09-18T14:11:23+00:00","breadcrumb":{"@id":"https:\/\/www.hoteldonnalucia.it\/de\/i-servizi\/#breadcrumb"},"inLanguage":"de","potentialAction":[{"@type":"ReadAction","target":["https:\/\/www.hoteldonnalucia.it\/de\/i-servizi\/"]}]},{"@type":"BreadcrumbList","@id":"https:\/\/www.hoteldonnalucia.it\/de\/i-servizi\/#breadcrumb","itemListElement":[{"@type":"ListItem","position":1,"name":"Home","item":"https:\/\/www.hoteldonnalucia.it\/de\/"},{"@type":"ListItem","position":2,"name":"Unser Service"}]},{"@type":"WebSite","@id":"https:\/\/www.hoteldonnalucia.it\/de\/#website","url":"https:\/\/www.hoteldonnalucia.it\/de\/","name":"Hotel Donna Lucia","description":"Un&#039;oasi di pace a due passi da Treviso","publisher":{"@id":"https:\/\/www.hoteldonnalucia.it\/de\/#organization"},"potentialAction":[{"@type":"SearchAction","target":{"@type":"EntryPoint","urlTemplate":"https:\/\/www.hoteldonnalucia.it\/de\/?s={search_term_string}"},"query-input":"required name=search_term_string"}],"inLanguage":"de"},{"@type":"Organization","@id":"https:\/\/www.hoteldonnalucia.it\/de\/#organization","name":"Hotel Donna Lucia","url":"https:\/\/www.hoteldonnalucia.it\/de\/","logo":{"@type":"ImageObject","inLanguage":"de","@id":"https:\/\/www.hoteldonnalucia.it\/de\/#\/schema\/logo\/image\/","url":"https:\/\/www.hoteldonnalucia.it\/wp-content\/uploads\/2023\/02\/cropped-favicon-1.png","contentUrl":"https:\/\/www.hoteldonnalucia.it\/wp-content\/uploads\/2023\/02\/cropped-favicon-1.png","width":512,"height":512,"caption":"Hotel Donna Lucia"},"image":{"@id":"https:\/\/www.hoteldonnalucia.it\/de\/#\/schema\/logo\/image\/"},"sameAs":["https:\/\/www.facebook.com\/people\/Donna-Lucia-Hotel\/100089610115028\/","https:\/\/www.instagram.com\/donnaluciaponzano\/"]}]}},"_links":{"self":[{"href":"https:\/\/www.hoteldonnalucia.it\/de\/wp-json\/wp\/v2\/pages\/634","targetHints":{"allow":["GET"]}}],"collection":[{"href":"https:\/\/www.hoteldonnalucia.it\/de\/wp-json\/wp\/v2\/pages"}],"about":[{"href":"https:\/\/www.hoteldonnalucia.it\/de\/wp-json\/wp\/v2\/types\/page"}],"author":[{"embeddable":true,"href":"https:\/\/www.hoteldonnalucia.it\/de\/wp-json\/wp\/v2\/users\/2"}],"replies":[{"embeddable":true,"href":"https:\/\/www.hoteldonnalucia.it\/de\/wp-json\/wp\/v2\/comments?post=634"}],"version-history":[{"count":16,"href":"https:\/\/www.hoteldonnalucia.it\/de\/wp-json\/wp\/v2\/pages\/634\/revisions"}],"predecessor-version":[{"id":1204,"href":"https:\/\/www.hoteldonnalucia.it\/de\/wp-json\/wp\/v2\/pages\/634\/revisions\/1204"}],"wp:attachment":[{"href":"https:\/\/www.hoteldonnalucia.it\/de\/wp-json\/wp\/v2\/media?parent=634"}],"curies":[{"name":"wp","href":"https:\/\/api.w.org\/{rel}","templated":true}]}}